{"id":119117,"date":"2019-10-16T11:16:53","date_gmt":"2019-10-16T11:16:53","guid":{"rendered":"http:\/\/mcdanshipping.com\/?page_id=119117"},"modified":"2020-02-17T12:35:35","modified_gmt":"2020-02-17T12:35:35","slug":"oil-and-gas-logistics","status":"publish","type":"page","link":"https:\/\/mcdanshipping.com\/bk\/services\/oil-and-gas-logistics\/","title":{"rendered":"Oil and Gas Logistics"},"content":{"rendered":"<p>[et_pb_section fb_built=&#8221;1&#8243; _builder_version=&#8221;3.5&#8243; background_image=&#8221;https:\/\/mcdanshipping.com\/bk\/wp-content\/uploads\/2020\/01\/Slider_bg.jpg&#8221;][et_pb_row _builder_version=&#8221;3.5&#8243;][et_pb_column type=&#8221;4_4&#8243; _builder_version=&#8221;3.5&#8243; parallax=&#8221;off&#8221; parallax_method=&#8221;on&#8221;][et_pb_text _builder_version=&#8221;3.5&#8243;]<\/p>\n<h1 class=\"et_pb_module_header et-fb-editable-element et-fb-editable-element__editing\" data-shortcode-id=\"0.0-1579867213323\" contenteditable=\"true\" spellcheck=\"false\" style=\"text-align: center;\">OIL AND GAS LOGISTICS<\/h1>\n<p>[\/et_pb_text][\/et_pb_column][\/et_pb_row][\/et_pb_section][et_pb_section fb_built=&#8221;1&#8243; specialty=&#8221;on&#8221; _builder_version=&#8221;3.0.93&#8243; custom_padding=&#8221;45px|0px|33px|0px&#8221;][et_pb_column type=&#8221;2_3&#8243; specialty_columns=&#8221;2&#8243; _builder_version=&#8221;3.0.47&#8243; parallax=&#8221;off&#8221; parallax_method=&#8221;on&#8221;][et_pb_row_inner custom_padding=&#8221;||17px|60px&#8221; custom_padding_phone=&#8221;|||0px&#8221; custom_padding_last_edited=&#8221;on|phone&#8221; _builder_version=&#8221;3.0.93&#8243;][et_pb_column_inner type=&#8221;4_4&#8243; saved_specialty_column_type=&#8221;2_3&#8243; _builder_version=&#8221;3.0.47&#8243; parallax=&#8221;off&#8221; parallax_method=&#8221;on&#8221;][et_pb_text _builder_version=&#8221;3.5&#8243; header_font=&#8221;||||||||&#8221; header_2_font=&#8221;||||||||&#8221; header_2_text_color=&#8221;#00092b&#8221; header_2_font_size=&#8221;30px&#8221;]<\/p>\n<h2>OIl AND GAS LOGISTICS<\/h2>\n<p>[\/et_pb_text][et_pb_divider color=&#8221;#00aeef&#8221; divider_weight=&#8221;2px&#8221; height=&#8221;18px&#8221; _builder_version=&#8221;3.2&#8243; max_width=&#8221;10%&#8221;][\/et_pb_divider][et_pb_text _builder_version=&#8221;3.5&#8243; text_font=&#8221;||||||||&#8221; text_font_size=&#8221;16px&#8221; text_font_size_phone=&#8221;13px&#8221; text_font_size_last_edited=&#8221;on|phone&#8221; header_font=&#8221;||||||||&#8221; custom_margin=&#8221;-15px|||&#8221;]<\/p>\n<p>McDan handles cargo for all our network partners including airlines and shipping lines. If you want to assure the safety of your cargo to your client there are well tailored solutions for free hand handling and consolidation with our total insurance cover on goods in transit.<\/p>\n<p>&nbsp;<\/p>\n<p>&nbsp;<\/p>\n<p><span>Services of Mcdan Oil and Gas pro\u00advide services in the areas of;<\/span><\/p>\n<ul>\n<li><span>Labour Supply-(Both Local and for\u00adeign Content)<\/span><\/li>\n<li><span>Airport Meet and Greet<\/span><\/li>\n<li><span>Immigration Services (Visa han\u00addling, extension of visas, resident and Work Permit.)<\/span><\/li>\n<li><span>Management of Personnel<\/span><\/li>\n<li><span>Human Resources Agency Services<\/span><\/li>\n<li><span>Procurement Services<\/span><\/li>\n<li><span>Office Equipment Rental<\/span><\/li>\n<li><span>Accommodation (Rental of Fully furnished offices with internet facil\u00adity, 24hour security, Water Supply and 24 hour Power Supply as well as Hotel Accommodation).<\/span><\/li>\n<li><span>Vehicle Rental with Security and Trained Drivers<\/span><\/li>\n<li><span>24 Hour Medical Services.<\/span><\/li>\n<li><span>Project Logistics<\/span><\/li>\n<li><span>Equipment Handling<\/span><\/li>\n<li><span>Security Services<\/span><\/li>\n<li><span>Both On and Off Shore Catering Services<\/span><\/li>\n<li><span>Courier Services.<\/span><\/li>\n<li><span>Leasing of Helicopters,<\/span><\/li>\n<li><span>Supply of Drilling Equipment &amp; Chemicals<\/span><\/li>\n<li><span>Freight Forwarding and Storage<\/span><\/li>\n<\/ul>\n<p>&nbsp;<\/p>\n<p>&nbsp;<\/p>\n<p>[\/et_pb_text][et_pb_text _builder_version=&#8221;3.5&#8243;]<\/p>\n<h2 style=\"text-align: center;\">COMPANY POLICY<\/h2>\n<p>[\/et_pb_text][et_pb_image src=&#8221;https:\/\/mcdanshipping.com\/bk\/wp-content\/uploads\/2020\/02\/McDAN-Policy-Statement-1111.jpg&#8221; _builder_version=&#8221;3.5&#8243;][\/et_pb_image][et_pb_image _builder_version=&#8221;3.5&#8243;][\/et_pb_image][et_pb_text _builder_version=&#8221;3.5&#8243;]<\/p>\n<h2 style=\"text-align: center;\"><strong>CERTIFICATION<\/strong><\/h2>\n<p>[\/et_pb_text][et_pb_code _builder_version=&#8221;3.5&#8243;]<ul class=\"kiwi-logo-carousel kiwi-logo-carousel-certification default align-center col4\"><li style=\"height:150px;\" ><div class=\"helper\" style=\"height:150px; width:200px;\" ><img decoding=\"async\" src=\"https:\/\/mcdanshipping.com\/bk\/wp-content\/uploads\/2017\/11\/Slide2-2.jpg\" alt=\"IATA\" title=\"IATA\" style=\"max-width:200px; padding-left: 0px; padding-right:0px\" ><\/div><\/li><li style=\"height:150px;\" ><div class=\"helper\" style=\"height:150px; width:200px;\" ><img decoding=\"async\" src=\"https:\/\/mcdanshipping.com\/bk\/wp-content\/uploads\/2017\/11\/TRACE-logo-1.png\" alt=\"Trace\" title=\"Trace\" style=\"max-width:200px; padding-left: 0px; padding-right:0px\" ><\/div><\/li><li style=\"height:150px;\" ><div class=\"helper\" style=\"height:150px; width:200px;\" ><img decoding=\"async\" src=\"https:\/\/mcdanshipping.com\/bk\/wp-content\/uploads\/2019\/10\/F\u00e9d\u00e9ration_Internationale_des_Associations_de_Transitaires_et_Assimil\u00e9s_logo.svg-1.png\" alt=\"FIATA\" title=\"FIATA\" style=\"max-width:200px; padding-left: 0px; padding-right:0px\" ><\/div><\/li><li style=\"height:150px;\" ><div class=\"helper\" style=\"height:150px; width:200px;\" ><img decoding=\"async\" src=\"https:\/\/mcdanshipping.com\/bk\/wp-content\/uploads\/2020\/01\/CONTAC_2.jpg\" alt=\"Boiset\" title=\"Boiset\" style=\"max-width:200px; padding-left: 0px; padding-right:0px\" ><\/div><\/li><li style=\"height:150px;\" ><div class=\"helper\" style=\"height:150px; width:200px;\" ><img decoding=\"async\" src=\"https:\/\/mcdanshipping.com\/bk\/wp-content\/uploads\/2020\/01\/HUET.jpg\" alt=\"HUET\" title=\"HUET\" style=\"max-width:200px; padding-left: 0px; padding-right:0px\" ><\/div><\/li><\/ul>[\/et_pb_code][et_pb_divider _builder_version=&#8221;3.5&#8243;][\/et_pb_divider][\/et_pb_column_inner][\/et_pb_row_inner][et_pb_row_inner custom_padding=&#8221;21px|||60px&#8221; custom_padding_phone=&#8221;|||0px&#8221; custom_padding_last_edited=&#8221;on|phone&#8221; _builder_version=&#8221;3.0.93&#8243;][et_pb_column_inner type=&#8221;1_2&#8243; saved_specialty_column_type=&#8221;2_3&#8243; _builder_version=&#8221;3.0.47&#8243; parallax=&#8221;off&#8221; parallax_method=&#8221;on&#8221;][et_pb_image src=&#8221;https:\/\/mcdanshipping.com\/bk\/wp-content\/uploads\/2020\/01\/Slider_rig.jpg&#8221; _builder_version=&#8221;3.5&#8243;][\/et_pb_image][\/et_pb_column_inner][et_pb_column_inner type=&#8221;1_2&#8243; saved_specialty_column_type=&#8221;2_3&#8243; _builder_version=&#8221;3.0.47&#8243; parallax=&#8221;off&#8221; parallax_method=&#8221;on&#8221;][et_pb_image src=&#8221;https:\/\/mcdanshipping.com\/bk\/wp-content\/uploads\/2019\/10\/BLX_Angola_Girassol_Well_OandG.jpg&#8221; _builder_version=&#8221;3.5&#8243;][\/et_pb_image][\/et_pb_column_inner][\/et_pb_row_inner][et_pb_row_inner custom_padding=&#8221;21px|||60px&#8221; custom_padding_phone=&#8221;|||0px&#8221; custom_padding_last_edited=&#8221;on|phone&#8221; _builder_version=&#8221;3.0.93&#8243;][et_pb_column_inner type=&#8221;1_2&#8243; saved_specialty_column_type=&#8221;2_3&#8243; _builder_version=&#8221;3.0.47&#8243; parallax=&#8221;off&#8221; parallax_method=&#8221;on&#8221;][et_pb_image src=&#8221;https:\/\/mcdanshipping.com\/bk\/wp-content\/uploads\/2020\/01\/aae00301-eb0e-4eea-bd5a-96441248a9f1.jpg&#8221; _builder_version=&#8221;3.5&#8243;][\/et_pb_image][\/et_pb_column_inner][et_pb_column_inner type=&#8221;1_2&#8243; saved_specialty_column_type=&#8221;2_3&#8243; _builder_version=&#8221;3.0.47&#8243; parallax=&#8221;off&#8221; parallax_method=&#8221;on&#8221;][et_pb_image src=&#8221;https:\/\/mcdanshipping.com\/bk\/wp-content\/uploads\/2020\/01\/ad68e0ac-2109-4503-9add-0205013dd9fe.jpg&#8221; _builder_version=&#8221;3.5&#8243;][\/et_pb_image][\/et_pb_column_inner][\/et_pb_row_inner][et_pb_row_inner custom_padding=&#8221;21px|||60px&#8221; custom_padding_phone=&#8221;|||0px&#8221; custom_padding_last_edited=&#8221;on|phone&#8221; _builder_version=&#8221;3.0.93&#8243;][et_pb_column_inner type=&#8221;1_2&#8243; saved_specialty_column_type=&#8221;2_3&#8243; _builder_version=&#8221;3.0.47&#8243; parallax=&#8221;off&#8221; parallax_method=&#8221;on&#8221;][\/et_pb_column_inner][et_pb_column_inner type=&#8221;1_2&#8243; saved_specialty_column_type=&#8221;2_3&#8243; _builder_version=&#8221;3.0.47&#8243; parallax=&#8221;off&#8221; parallax_method=&#8221;on&#8221;][et_pb_image src=&#8221;https:\/\/mcdanshipping.com\/bk\/wp-content\/uploads\/2020\/01\/IMG_8116-scaled.jpg&#8221; _builder_version=&#8221;3.5&#8243;][\/et_pb_image][\/et_pb_column_inner][\/et_pb_row_inner][\/et_pb_column][et_pb_column type=&#8221;1_3&#8243; _builder_version=&#8221;3.0.47&#8243; parallax=&#8221;off&#8221; parallax_method=&#8221;on&#8221;][et_pb_button button_url=&#8221;https:\/\/mcdanshipping.com\/bk\/request-a-quote\/&#8221; button_text=&#8221;Get a quote&#8221; button_alignment=&#8221;center&#8221; _builder_version=&#8221;3.0.93&#8243; custom_button=&#8221;on&#8221; button_text_size=&#8221;16px&#8221; button_text_color=&#8221;#ffffff&#8221; button_bg_color=&#8221;#00aeef&#8221; button_border_width=&#8221;0px&#8221; button_font=&#8221;||||||||&#8221; button_icon_color=&#8221;#ffffff&#8221; button_text_color_hover=&#8221;#ffffff&#8221; button_bg_color_hover=&#8221;#00092b&#8221; button_border_color_hover=&#8221;#00aeef&#8221; custom_margin=&#8221;|||&#8221; custom_padding=&#8221;10px||10px|&#8221; custom_css_main_element=&#8221;width: 360px&#8221;][\/et_pb_button][et_pb_sidebar area=&#8221;et_pb_widget_area_2&#8243; _builder_version=&#8221;3.0.93&#8243;][\/et_pb_sidebar][et_pb_button button_url=&#8221;https:\/\/mcdanshipping.com\/bk\/tracking\/&#8221; button_text=&#8221;Track your shipment&#8221; button_alignment=&#8221;center&#8221; _builder_version=&#8221;3.0.93&#8243; custom_button=&#8221;on&#8221; button_text_size=&#8221;16px&#8221; button_text_color=&#8221;#ffffff&#8221; button_bg_color=&#8221;#00aeef&#8221; button_border_width=&#8221;0px&#8221; button_font=&#8221;||||||||&#8221; button_icon_color=&#8221;#ffffff&#8221; button_text_color_hover=&#8221;#ffffff&#8221; button_bg_color_hover=&#8221;#00092b&#8221; button_border_color_hover=&#8221;#00aeef&#8221; custom_margin=&#8221;|||&#8221; custom_padding=&#8221;10px||10px|&#8221; custom_css_main_element=&#8221;width: 360px&#8221;][\/et_pb_button][\/et_pb_column][\/et_pb_section][et_pb_section fb_built=&#8221;1&#8243; _builder_version=&#8221;3.0.83&#8243; background_color=&#8221;#00aeef&#8221; background_image=&#8221;http:\/\/localhost:81\/mcdan\/wp-content\/uploads\/2017\/11\/LETS-TALK-1.png&#8221; custom_padding=&#8221;14px|0px|14px|0px&#8221;][et_pb_row custom_padding=&#8221;27px|0px|7px|0px&#8221; _builder_version=&#8221;3.0.47&#8243; background_size=&#8221;initial&#8221; background_position=&#8221;top_left&#8221; background_repeat=&#8221;repeat&#8221;][et_pb_column type=&#8221;4_4&#8243; _builder_version=&#8221;3.0.47&#8243; parallax=&#8221;off&#8221; parallax_method=&#8221;on&#8221;][et_pb_text _builder_version=&#8221;3.0.83&#8243; text_font=&#8221;||||||||&#8221; text_font_size=&#8221;30px&#8221; text_font_size_tablet=&#8221;22px&#8221; text_font_size_phone=&#8221;20px&#8221; text_font_size_last_edited=&#8221;on|phone&#8221; inline_fonts=&#8221;Montserrat&#8221;]<em>Let&#8217;s Help You<\/em> <span style=\"font-family: Montserrat; font-weight: normal; color: #ffffff;\"><strong>Find A Solution That Meets Your Needs<\/strong><\/span>[\/et_pb_text][\/et_pb_column][\/et_pb_row][et_pb_row use_custom_gutter=&#8221;on&#8221; gutter_width=&#8221;1&#8243; custom_padding=&#8221;14px|0px|27px|0px&#8221; _builder_version=&#8221;3.0.83&#8243; background_size=&#8221;initial&#8221; background_position=&#8221;top_left&#8221; background_repeat=&#8221;repeat&#8221; module_alignment=&#8221;center&#8221;][et_pb_column type=&#8221;1_2&#8243; _builder_version=&#8221;3.0.47&#8243; parallax=&#8221;off&#8221; parallax_method=&#8221;on&#8221;][et_pb_button button_url=&#8221;https:\/\/mcdanshipping.com\/bk\/contact\/&#8221; button_text=&#8221;CONTACT US&#8221; button_alignment=&#8221;left&#8221; _builder_version=&#8221;3.5&#8243; custom_button=&#8221;on&#8221; button_font=&#8221;||||||||&#8221; button_text_size_tablet=&#8221;17px&#8221; button_text_size_phone=&#8221;15px&#8221; button_text_size_last_edited=&#8221;on|desktop&#8221; background_layout=&#8221;dark&#8221;][\/et_pb_button][\/et_pb_column][et_pb_column type=&#8221;1_2&#8243; _builder_version=&#8221;3.0.47&#8243; parallax=&#8221;off&#8221; parallax_method=&#8221;on&#8221;][et_pb_text _builder_version=&#8221;3.0.83&#8243; text_font=&#8221;||||||||&#8221; text_text_color=&#8221;#ffffff&#8221; text_font_size=&#8221;20px&#8221; custom_margin=&#8221;16px|||-350px&#8221;]OR CALL US ON\u00a0<strong>+233 2499 91199<\/strong>[\/et_pb_text][\/et_pb_column][\/et_pb_row][\/et_pb_section]<\/p>\n","protected":false},"excerpt":{"rendered":"<p>OIL AND GAS LOGISTICSOIl AND GAS LOGISTICSMcDan handles cargo for all our network partners including airlines and shipping lines. If you want to assure the safety of your cargo to your client there are well tailored solutions for free hand handling and consolidation with our total insurance cover on goods in transit. &nbsp; &nbsp; Services [&hellip;]<\/p>\n","protected":false},"author":5,"featured_media":25271,"parent":5297,"menu_order":0,"comment_status":"open","ping_status":"closed","template":"","meta":{"_et_pb_use_builder":"on","_et_pb_old_content":"<p>[et_pb_section bb_built=\"1\"][et_pb_row][\/et_pb_row][\/et_pb_section]<\/p>","_et_gb_content_width":"","footnotes":""},"_links":{"self":[{"href":"https:\/\/mcdanshipping.com\/bk\/wp-json\/wp\/v2\/pages\/119117"}],"collection":[{"href":"https:\/\/mcdanshipping.com\/bk\/wp-json\/wp\/v2\/pages"}],"about":[{"href":"https:\/\/mcdanshipping.com\/bk\/wp-json\/wp\/v2\/types\/page"}],"author":[{"embeddable":true,"href":"https:\/\/mcdanshipping.com\/bk\/wp-json\/wp\/v2\/users\/5"}],"replies":[{"embeddable":true,"href":"https:\/\/mcdanshipping.com\/bk\/wp-json\/wp\/v2\/comments?post=119117"}],"version-history":[{"count":12,"href":"https:\/\/mcdanshipping.com\/bk\/wp-json\/wp\/v2\/pages\/119117\/revisions"}],"predecessor-version":[{"id":119202,"href":"https:\/\/mcdanshipping.com\/bk\/wp-json\/wp\/v2\/pages\/119117\/revisions\/119202"}],"up":[{"embeddable":true,"href":"https:\/\/mcdanshipping.com\/bk\/wp-json\/wp\/v2\/pages\/5297"}],"wp:featuredmedia":[{"embeddable":true,"href":"https:\/\/mcdanshipping.com\/bk\/wp-json\/"}],"wp:attachment":[{"href":"https:\/\/mcdanshipping.com\/bk\/wp-json\/wp\/v2\/media?parent=119117"}],"curies":[{"name":"wp","href":"https:\/\/api.w.org\/{rel}","templated":true}]}}