{"id":5299,"date":"2017-10-24T10:03:18","date_gmt":"2017-10-24T10:03:18","guid":{"rendered":"http:\/\/localhost:81\/mcdan\/?page_id=5299"},"modified":"2018-06-01T11:42:22","modified_gmt":"2018-06-01T11:42:22","slug":"about-us","status":"publish","type":"page","link":"https:\/\/mcdanshipping.com\/bk\/about-us\/","title":{"rendered":"About"},"content":{"rendered":"<p>[et_pb_section fb_built=&#8221;1&#8243; _builder_version=&#8221;3.0.89&#8243; background_color=&#8221;#00aeef&#8221; background_image=&#8221;https:\/\/mcdanshipping.com\/bk\/wp-content\/uploads\/2017\/11\/page-title01.jpg&#8221; custom_padding=&#8221;0px|0px|1px|0px&#8221; custom_css_main_element=&#8221;height: 380px;&#8221;][et_pb_row make_fullwidth=&#8221;on&#8221; use_custom_gutter=&#8221;on&#8221; gutter_width=&#8221;2&#8243; custom_padding=&#8221;75px|0px|87px|0px&#8221; custom_padding_last_edited=&#8221;on|phone&#8221; _builder_version=&#8221;3.0.89&#8243;][et_pb_column type=&#8221;4_4&#8243; _builder_version=&#8221;3.0.47&#8243; parallax=&#8221;off&#8221; parallax_method=&#8221;on&#8221;][et_pb_text _builder_version=&#8221;3.0.89&#8243; header_font=&#8221;||||||||&#8221; header_text_color=&#8221;#ffffff&#8221; header_font_size=&#8221;40px&#8221; header_font_size_phone=&#8221;28px&#8221; header_font_size_last_edited=&#8221;on|phone&#8221; custom_padding=&#8221;80px|||&#8221;]<\/p>\n<h1 style=\"text-align: center;\">About us<\/h1>\n<p>[\/et_pb_text][\/et_pb_column][\/et_pb_row][\/et_pb_section][et_pb_section fb_built=&#8221;1&#8243; _builder_version=&#8221;3.0.89&#8243; custom_padding=&#8221;69px|0px|0px|0px|false|false&#8221;][et_pb_row use_custom_width=&#8221;on&#8221; custom_width_px=&#8221;1280px&#8221; use_custom_gutter=&#8221;on&#8221; gutter_width=&#8221;2&#8243; custom_padding=&#8221;29px|0px|0px|40px&#8221; custom_padding_phone=&#8221;|20px||20px&#8221; make_equal=&#8221;on&#8221; custom_padding_last_edited=&#8221;on|phone&#8221; padding_top_1=&#8221;30px&#8221; padding_top_2=&#8221;30px&#8221; padding_bottom_1=&#8221;60px&#8221; padding_left_2=&#8221;60px&#8221; padding_2_phone=&#8221;|40px|40px|40px&#8221; padding_2_last_edited=&#8221;on|desktop&#8221; _builder_version=&#8221;3.0.89&#8243; module_alignment=&#8221;center&#8221;][et_pb_column type=&#8221;1_2&#8243; _builder_version=&#8221;3.0.47&#8243; padding_bottom=&#8221;60px&#8221; padding_top=&#8221;30px&#8221; parallax=&#8221;off&#8221; parallax_method=&#8221;on&#8221;][et_pb_text _builder_version=&#8221;3.0.89&#8243; text_font=&#8221;Montserrat|800|||||||&#8221; text_text_color=&#8221;#00092b&#8221; text_font_size=&#8221;40px&#8221; text_line_height=&#8221;1.4em&#8221; header_font=&#8221;|||||on|||&#8221; header_text_color=&#8221;#00092b&#8221; header_font_size=&#8221;25px&#8221; header_font_size_phone=&#8221;20px&#8221; header_font_size_last_edited=&#8221;on|desktop&#8221; header_line_height=&#8221;1.1em&#8221; header_2_font=&#8221;||||||||&#8221; header_2_text_color=&#8221;#00092b&#8221; header_2_font_size=&#8221;25px&#8221; custom_margin=&#8221;8px|||&#8221;]<\/p>\n<h1>Welcome to <span style=\"color: #ffff00;\"><a style=\"color: #00aeef;\" href=\"https:\/\/mcdanshipping.com\/bk\">McDan Shipping Company<\/a><\/span>, Your Total Logistics Provider<\/h1>\n<p>[\/et_pb_text][et_pb_divider color=&#8221;#00aeef&#8221; divider_weight=&#8221;3&#8243; _builder_version=&#8221;3.2&#8243; max_width=&#8221;8%&#8221; module_alignment=&#8221;left&#8221; custom_margin=&#8221;20px|||&#8221;][\/et_pb_divider][et_pb_text _builder_version=&#8221;3.0.94&#8243; text_font_size_last_edited=&#8221;on|phone&#8221; custom_margin=&#8221;20px|||&#8221; custom_margin_phone=&#8221;20px||20px|&#8221; custom_margin_last_edited=&#8221;on|desktop&#8221; custom_padding=&#8221;|||0px&#8221;]<\/p>\n<p>McDan Shipping Company was established in November 1999 with headquarter in Accra and branches in Tema, Takoradi, Sierra Leone, Liberia and Equatorial Guinea. The Company has presence in over 2400 major air and sea ports worldwide with our partnership with WCA (World Cargo Alliance) and JC Trans.<\/p>\n<p><span class=\"fontstyle0\"><br \/> <\/span><\/p>\n<p>[\/et_pb_text][et_pb_video src=&#8221;https:\/\/mcdanshipping.com\/bk\/wp-content\/uploads\/2017\/11\/mac.mp4&#8243; image_src=&#8221;https:\/\/mcdanshipping.com\/bk\/wp-content\/uploads\/2017\/11\/vlcsnap-2017-10-28-16h09m47s637-2-1.png&#8221; play_icon_color=&#8221;#ffffff&#8221; _builder_version=&#8221;3.4.1&#8243; custom_margin=&#8221;-23px||29px|&#8221; custom_margin_last_edited=&#8221;on|desktop&#8221;][\/et_pb_video][et_pb_text _builder_version=&#8221;3.0.89&#8243; text_font_size_last_edited=&#8221;on|phone&#8221;]<\/p>\n<p>Over the years the Company has expanded its services from customs brokerage to Freight forwarding which includes\u00a0\u00a0warehousing(Bonded and Non Bonded), Diplomatic movements, Removal services (Household and corporate),Courier Services, Hauling, Project Cargo Movement, Ground Handling, Heavy duty Movement, Cross Boarder Transportation, Aviation Cargo Experts<\/p>\n<p>The company is the first and only Freight Forwarding Company to obtain the Air Carrier License in handling chartered cargo flights in Ghana and is currently the Cargo Sales Agent (CSA) for Ethiopian Airlines with worldwide connections<u>.<\/u><\/p>\n<p>We are committed to maximizing productivity and efficiency by delivering uniquely designed Shipping and Logistics solutions to both corporate and individual clients.<\/p>\n<p>McDan Shipping Company Limited with long standing experience in its field of operations is ever ready to take over any job when called upon. The company has grown by providing high quality logistical services to meet the needs of operators and producers. It is in the forefront of quality development in the region, working to the world-class standards with a continual program of\u00a0improvement.<\/p>\n<p>[\/et_pb_text][et_pb_button button_url=&#8221;https:\/\/mcdanshipping.com\/bk\/contact\/&#8221; button_text=&#8221;GET IN TOUCH&#8221; button_alignment=&#8221;left&#8221; _builder_version=&#8221;3.0.94&#8243; custom_button=&#8221;on&#8221; button_text_color=&#8221;#ffffff&#8221; button_bg_color=&#8221;#00aeef&#8221; button_border_width=&#8221;1px&#8221; button_border_color=&#8221;#ffffff&#8221; button_font=&#8221;||||||||&#8221; button_icon=&#8221;%%20%%&#8221; button_icon_color=&#8221;#00aeef&#8221; button_text_color_hover=&#8221;#00aeef&#8221; button_bg_color_hover=&#8221;#ffffff&#8221; custom_margin=&#8221;40px|||&#8221; custom_margin_tablet=&#8221;0px|||&#8221; custom_margin_phone=&#8221;0px|||&#8221; custom_margin_last_edited=&#8221;on|desktop&#8221; custom_padding=&#8221;|||&#8221;][\/et_pb_button][\/et_pb_column][et_pb_column type=&#8221;1_2&#8243; _builder_version=&#8221;3.0.47&#8243; padding_phone=&#8221;|40px|40px|40px&#8221; padding_last_edited=&#8221;on|desktop&#8221; padding_left=&#8221;60px&#8221; padding_top=&#8221;30px&#8221; parallax=&#8221;off&#8221; parallax_method=&#8221;on&#8221;][et_pb_blurb title=&#8221;OUR HISTORY&#8221; icon_placement=&#8221;left&#8221; module_id=&#8221;blurb-history&#8221; _builder_version=&#8221;3.0.94&#8243; header_font=&#8221;||||||||&#8221; header_text_color=&#8221;#000000&#8243; header_font_size=&#8221;25px&#8221; background_color=&#8221;#00aeef&#8221; background_layout=&#8221;dark&#8221; custom_margin=&#8221;|||&#8221; custom_margin_phone=&#8221;|||-40px&#8221; custom_margin_last_edited=&#8221;on|phone&#8221; custom_padding=&#8221;30px|30px|30px|20px&#8221; custom_padding_phone=&#8221;|||20px&#8221; custom_padding_last_edited=&#8221;on|phone&#8221;]McDan Shipping Company was established in November 1999, headquartered in Accra with Branches in Tema and Takoradi. McDan has a presence in over 2400 major air &#038; sea ports worldwide due to our partnership with WCA &#038; Cross Trades.[\/et_pb_blurb][et_pb_blurb title=&#8221;OUR MISSION&#8221; icon_placement=&#8221;left&#8221; module_id=&#8221;blurb-mission&#8221; _builder_version=&#8221;3.0.94&#8243; header_font=&#8221;||||||||&#8221; header_text_color=&#8221;#000000&#8243; header_font_size=&#8221;25px&#8221; background_color=&#8221;#00aeef&#8221; background_layout=&#8221;dark&#8221; custom_margin_phone=&#8221;|||-40px&#8221; custom_margin_last_edited=&#8221;on|phone&#8221; custom_padding=&#8221;30px|30px|30px|20px&#8221;]To partner with clients &#038; other stakeholders to deliver end-to-end supply chain, best practices and solutions in a timely and secure manner at competitive rates.[\/et_pb_blurb][et_pb_blurb title=&#8221;OUR VISION&#8221; icon_placement=&#8221;left&#8221; module_id=&#8221;blurb-vision&#8221; _builder_version=&#8221;3.0.94&#8243; header_font=&#8221;||||||||&#8221; header_text_color=&#8221;#000000&#8243; header_font_size=&#8221;25px&#8221; background_color=&#8221;#00aeef&#8221; background_layout=&#8221;dark&#8221; custom_margin_phone=&#8221;|||-40px&#8221; custom_margin_last_edited=&#8221;on|phone&#8221; custom_padding=&#8221;30px|30px|30px|20px&#8221;]Our vision is to be a household name and a leading logistics provider in Africa.[\/et_pb_blurb][et_pb_blurb title=&#8221;AWARDS&#8221; icon_placement=&#8221;left&#8221; _builder_version=&#8221;3.0.94&#8243; header_font=&#8221;||||||||&#8221; header_text_color=&#8221;#000000&#8243; header_font_size=&#8221;25px&#8221; background_color=&#8221;#00aeef&#8221; background_layout=&#8221;dark&#8221; custom_margin_phone=&#8221;|||-40px&#8221; custom_margin_last_edited=&#8221;on|phone&#8221; custom_padding=&#8221;30px|30px||20px&#8221;][\/et_pb_blurb][et_pb_gallery gallery_ids=&#8221;118834,118502,118503,118504,118505,118506,118507,118508,118509,118510,118511,118512,118513,118514,118515,118516,118517,118518,118519,118520,118521,118522,118523,118524,118525,118526,118527&#8243; gallery_orderby=&#8221;rand&#8221; gallery_captions=&#8221;,,,,,,,,,,,,,,,,,,,,,,,,,&#8221; fullwidth=&#8221;on&#8221; hover_icon=&#8221;%%58%%&#8221; _builder_version=&#8221;3.4.1&#8243; title_text_align=&#8221;center&#8221; title_text_color=&#8221;#00aeef&#8221; title_line_height=&#8221;1.1em&#8221; caption_text_align=&#8221;center&#8221; pagination_font=&#8221;||||||||&#8221; pagination_text_align=&#8221;center&#8221; pagination_font_size=&#8221;1px&#8221; pagination_line_height_tablet=&#8221;2&#8243; text_orientation=&#8221;center&#8221; custom_margin=&#8221;-16px|||&#8221; custom_margin_phone=&#8221;-30px|||&#8221; custom_margin_last_edited=&#8221;on|desktop&#8221; custom_padding=&#8221;0px|||0px&#8221; custom_padding_last_edited=&#8221;on|phone&#8221; auto=&#8221;on&#8221; auto_speed=&#8221;5000&#8243;][\/et_pb_gallery][et_pb_button button_url=&#8221;https:\/\/mcdanshipping.com\/bk\/awards\/&#8221; button_text=&#8221;SEE ALL AWARDS&#8221; button_alignment=&#8221;left&#8221; _builder_version=&#8221;3.0.101&#8243; custom_button=&#8221;on&#8221; button_text_size=&#8221;18px&#8221; button_text_color=&#8221;#00aeef&#8221; button_bg_color=&#8221;#ffffff&#8221; button_border_width=&#8221;0px&#8221; button_font=&#8221;||||||||&#8221; button_icon_color=&#8221;#00aeef&#8221; button_text_color_hover=&#8221;#00aeef&#8221; button_bg_color_hover=&#8221;#ffffff&#8221;][\/et_pb_button][\/et_pb_column][\/et_pb_row][\/et_pb_section][et_pb_section fb_built=&#8221;1&#8243; _builder_version=&#8221;3.0.83&#8243; custom_padding=&#8221;79px|0px|81px|0px|false|false&#8221;][et_pb_row make_fullwidth=&#8221;on&#8221; use_custom_gutter=&#8221;on&#8221; gutter_width=&#8221;1&#8243; custom_padding=&#8221;19px|0px|4px|0px&#8221; _builder_version=&#8221;3.0.83&#8243; module_alignment=&#8221;center&#8221;][et_pb_column type=&#8221;4_4&#8243; _builder_version=&#8221;3.0.47&#8243; parallax=&#8221;off&#8221; parallax_method=&#8221;on&#8221;][et_pb_text _builder_version=&#8221;3.0.83&#8243; header_font=&#8221;Montserrat|700|||||||&#8221; header_text_align=&#8221;center&#8221; header_text_color=&#8221;#000000&#8243; header_font_size=&#8221;25px&#8221; header_font_size_phone=&#8221;25px&#8221; header_font_size_last_edited=&#8221;on|phone&#8221;]<\/p>\n<h1 style=\"text-align: center;\">FEATURED PARTNERS<\/h1>\n<p>[\/et_pb_text][et_pb_divider color=&#8221;#00aeef&#8221; divider_weight=&#8221;3px&#8221; _builder_version=&#8221;3.2&#8243; max_width=&#8221;7%&#8221; module_alignment=&#8221;center&#8221; custom_margin=&#8221;15px|||&#8221;][\/et_pb_divider][\/et_pb_column][\/et_pb_row][et_pb_row custom_padding=&#8221;0px|0px|27px|0px&#8221; custom_margin=&#8221;-40px|||&#8221; _builder_version=&#8221;3.0.83&#8243;][et_pb_column type=&#8221;4_4&#8243; _builder_version=&#8221;3.0.47&#8243; parallax=&#8221;off&#8221; parallax_method=&#8221;on&#8221;][et_pb_code _builder_version=&#8221;3.0.87&#8243;]<ul class=\"kiwi-logo-carousel kiwi-logo-carousel-default default align-center col4\"><li style=\"height:180px;\" ><div class=\"helper\" style=\"height:180px; width:180px;\" ><img decoding=\"async\" src=\"https:\/\/mcdanshipping.com\/bk\/wp-content\/uploads\/2017\/11\/ethipian-1.jpg\" alt=\"ETHIOPIAN AIRLINES\" title=\"ETHIOPIAN AIRLINES\" style=\"max-width:180px; padding-left: 0px; padding-right:0px\" ><\/div><\/li><li style=\"height:180px;\" ><div class=\"helper\" style=\"height:180px; width:180px;\" ><img decoding=\"async\" src=\"https:\/\/mcdanshipping.com\/bk\/wp-content\/uploads\/2017\/11\/Slide2-2.jpg\" alt=\"IATA\" title=\"IATA\" style=\"max-width:180px; padding-left: 0px; padding-right:0px\" ><\/div><\/li><li style=\"height:180px;\" ><div class=\"helper\" style=\"height:180px; width:180px;\" ><img decoding=\"async\" src=\"https:\/\/mcdanshipping.com\/bk\/wp-content\/uploads\/2017\/11\/TRACE-logo-1.png\" alt=\"Trace\" title=\"Trace\" style=\"max-width:180px; padding-left: 0px; padding-right:0px\" ><\/div><\/li><li style=\"height:180px;\" ><div class=\"helper\" style=\"height:180px; width:180px;\" ><img decoding=\"async\" src=\"https:\/\/mcdanshipping.com\/bk\/wp-content\/uploads\/2019\/10\/F\u00e9d\u00e9ration_Internationale_des_Associations_de_Transitaires_et_Assimil\u00e9s_logo.svg-1.png\" alt=\"FIATA\" title=\"FIATA\" style=\"max-width:180px; padding-left: 0px; padding-right:0px\" ><\/div><\/li><li style=\"height:180px;\" ><div class=\"helper\" style=\"height:180px; width:180px;\" ><img decoding=\"async\" src=\"https:\/\/mcdanshipping.com\/bk\/wp-content\/uploads\/2020\/01\/HUET.jpg\" alt=\"HUET\" title=\"HUET\" style=\"max-width:180px; padding-left: 0px; padding-right:0px\" ><\/div><\/li><li style=\"height:180px;\" ><div class=\"helper\" style=\"height:180px; width:180px;\" ><img decoding=\"async\" src=\"https:\/\/mcdanshipping.com\/bk\/wp-content\/uploads\/2020\/01\/CONTAC_2.jpg\" alt=\"Boiset\" title=\"Boiset\" style=\"max-width:180px; padding-left: 0px; padding-right:0px\" ><\/div><\/li><\/ul>[\/et_pb_code][\/et_pb_column][\/et_pb_row][\/et_pb_section]<\/p>\n","protected":false},"excerpt":{"rendered":"<p>About us Welcome to McDan Shipping Company, Your Total Logistics Provider McDan Shipping Company was established in November 1999 with headquarter in Accra and branches in Tema, Takoradi, Sierra Leone, Liberia and Equatorial Guinea. The Company has presence in over 2400 major air and sea ports worldwide with our partnership with WCA (World Cargo Alliance) [&hellip;]<\/p>\n","protected":false},"author":4,"featured_media":0,"parent":0,"menu_order":0,"comment_status":"closed","ping_status":"closed","template":"","meta":{"_et_pb_use_builder":"on","_et_pb_old_content":"","_et_gb_content_width":"","footnotes":""},"_links":{"self":[{"href":"https:\/\/mcdanshipping.com\/bk\/wp-json\/wp\/v2\/pages\/5299"}],"collection":[{"href":"https:\/\/mcdanshipping.com\/bk\/wp-json\/wp\/v2\/pages"}],"about":[{"href":"https:\/\/mcdanshipping.com\/bk\/wp-json\/wp\/v2\/types\/page"}],"author":[{"embeddable":true,"href":"https:\/\/mcdanshipping.com\/bk\/wp-json\/wp\/v2\/users\/4"}],"replies":[{"embeddable":true,"href":"https:\/\/mcdanshipping.com\/bk\/wp-json\/wp\/v2\/comments?post=5299"}],"version-history":[{"count":84,"href":"https:\/\/mcdanshipping.com\/bk\/wp-json\/wp\/v2\/pages\/5299\/revisions"}],"predecessor-version":[{"id":118932,"href":"https:\/\/mcdanshipping.com\/bk\/wp-json\/wp\/v2\/pages\/5299\/revisions\/118932"}],"wp:attachment":[{"href":"https:\/\/mcdanshipping.com\/bk\/wp-json\/wp\/v2\/media?parent=5299"}],"curies":[{"name":"wp","href":"https:\/\/api.w.org\/{rel}","templated":true}]}}